{"id":352,"date":"2024-10-02T16:50:12","date_gmt":"2024-10-02T14:50:12","guid":{"rendered":"https:\/\/primaveralp.fr\/?page_id=352"},"modified":"2024-10-25T12:00:26","modified_gmt":"2024-10-25T10:00:26","slug":"qui-sommes-nous","status":"publish","type":"page","link":"https:\/\/primaveralp.fr\/?page_id=352","title":{"rendered":"Pr\u00e9sentation"},"content":{"rendered":"\t\t<div data-elementor-type=\"wp-page\" data-elementor-id=\"352\" class=\"elementor elementor-352\">\n\t\t\t\t\t\t<section class=\"elementor-section elementor-top-section elementor-element elementor-element-fdf9de2 elementor-section-content-middle elementor-section-boxed elementor-section-height-default elementor-section-height-default elementor-invisible\" data-id=\"fdf9de2\" data-element_type=\"section\" data-e-type=\"section\" data-settings=\"{&quot;animation&quot;:&quot;fadeInLeft&quot;}\">\n\t\t\t\t\t\t<div class=\"elementor-container elementor-column-gap-custom\">\n\t\t\t\t\t<div class=\"elementor-column elementor-col-50 elementor-top-column elementor-element elementor-element-122bfbb\" data-id=\"122bfbb\" data-element_type=\"column\" data-e-type=\"column\">\n\t\t\t<div class=\"elementor-widget-wrap elementor-element-populated\">\n\t\t\t\t\t\t<div class=\"elementor-element elementor-element-24de6d1 elementor-widget elementor-widget-image\" data-id=\"24de6d1\" data-element_type=\"widget\" data-e-type=\"widget\" data-widget_type=\"image.default\">\n\t\t\t\t<div class=\"elementor-widget-container\">\n\t\t\t\t\t\t\t\t\t\t\t\t\t\t\t<img fetchpriority=\"high\" decoding=\"async\" width=\"1024\" height=\"891\" src=\"https:\/\/primaveralp.fr\/wp-content\/uploads\/2024\/10\/IMG_0010-scaled-e1729843433872-1024x891.jpg\" class=\"attachment-large size-large wp-image-425\" alt=\"\" srcset=\"https:\/\/primaveralp.fr\/wp-content\/uploads\/2024\/10\/IMG_0010-scaled-e1729843433872-1024x891.jpg 1024w, https:\/\/primaveralp.fr\/wp-content\/uploads\/2024\/10\/IMG_0010-scaled-e1729843433872-300x261.jpg 300w, https:\/\/primaveralp.fr\/wp-content\/uploads\/2024\/10\/IMG_0010-scaled-e1729843433872-768x668.jpg 768w, https:\/\/primaveralp.fr\/wp-content\/uploads\/2024\/10\/IMG_0010-scaled-e1729843433872-1536x1337.jpg 1536w, https:\/\/primaveralp.fr\/wp-content\/uploads\/2024\/10\/IMG_0010-scaled-e1729843433872-1320x1149.jpg 1320w, https:\/\/primaveralp.fr\/wp-content\/uploads\/2024\/10\/IMG_0010-scaled-e1729843433872.jpg 1681w\" sizes=\"(max-width: 1024px) 100vw, 1024px\" \/>\t\t\t\t\t\t\t\t\t\t\t\t\t\t\t<\/div>\n\t\t\t\t<\/div>\n\t\t\t\t\t<\/div>\n\t\t<\/div>\n\t\t\t\t<div class=\"elementor-column elementor-col-50 elementor-top-column elementor-element elementor-element-7797052\" data-id=\"7797052\" data-element_type=\"column\" data-e-type=\"column\" data-settings=\"{&quot;background_background&quot;:&quot;gradient&quot;}\">\n\t\t\t<div class=\"elementor-widget-wrap elementor-element-populated\">\n\t\t\t\t\t\t<section class=\"elementor-section elementor-inner-section elementor-element elementor-element-b7948c8 elementor-section-boxed elementor-section-height-default elementor-section-height-default\" data-id=\"b7948c8\" data-element_type=\"section\" data-e-type=\"section\">\n\t\t\t\t\t\t<div class=\"elementor-container elementor-column-gap-default\">\n\t\t\t\t\t<div class=\"elementor-column elementor-col-100 elementor-inner-column elementor-element elementor-element-d848798\" data-id=\"d848798\" data-element_type=\"column\" data-e-type=\"column\">\n\t\t\t<div class=\"elementor-widget-wrap elementor-element-populated\">\n\t\t\t\t\t\t<div class=\"elementor-element elementor-element-b40b8de elementor-widget__width-initial elementor-widget elementor-widget-text-editor\" data-id=\"b40b8de\" data-element_type=\"widget\" data-e-type=\"widget\" data-widget_type=\"text-editor.default\">\n\t\t\t\t<div class=\"elementor-widget-container\">\n\t\t\t\t\t\t\t\t\t<p>Mes diff\u00e9rentes exp\u00e9riences professionnelles me permettent aujourd\u2019hui de proposer aux TPE \/ PME, mes comp\u00e9tences en gestion administrative, commerciale et comptable <\/p><ul><li>10 ans dans une entreprise de chauffage sanitaire\u00a0: Assistante de direction<\/li><li>5 ans responsable de magasin de po\u00eales \u00e0 bois<\/li><li>8 ans dans un cabinet d\u2019expertise comptable\u00a0: Assistante administrative et comptable<\/li><\/ul><p>Je suis polyvalente, r\u00e9active, rigoureuse et avec une grande capacit\u00e9 d&rsquo;adaptation<\/p>\t\t\t\t\t\t\t\t<\/div>\n\t\t\t\t<\/div>\n\t\t\t\t<div class=\"elementor-element elementor-element-a4cc841 elementor-widget__width-initial elementor-widget elementor-widget-text-editor\" data-id=\"a4cc841\" data-element_type=\"widget\" data-e-type=\"widget\" data-widget_type=\"text-editor.default\">\n\t\t\t\t<div class=\"elementor-widget-container\">\n\t\t\t\t\t\t\t\t\t<p>Primaver&rsquo;alp c&rsquo;est l&rsquo;assurance de confidentialit\u00e9, disponibilit\u00e9, souplesse, efficacit\u00e9<\/p>\t\t\t\t\t\t\t\t<\/div>\n\t\t\t\t<\/div>\n\t\t\t\t\t<\/div>\n\t\t<\/div>\n\t\t\t\t\t<\/div>\n\t\t<\/section>\n\t\t\t\t\t<\/div>\n\t\t<\/div>\n\t\t\t\t\t<\/div>\n\t\t<\/section>\n\t\t\t\t<\/div>\n\t\t","protected":false},"excerpt":{"rendered":"<p>Mes diff\u00e9rentes exp\u00e9riences professionnelles me permettent aujourd\u2019hui de proposer aux TPE \/ PME, mes comp\u00e9tences en gestion administrative, commerciale et comptable 10 ans dans une entreprise de chauffage sanitaire\u00a0: Assistante de direction 5 ans responsable de magasin de po\u00eales \u00e0 bois 8 ans dans un cabinet d\u2019expertise comptable\u00a0: Assistante administrative et comptable Je suis polyvalente, [&hellip;]<\/p>\n","protected":false},"author":1,"featured_media":425,"parent":0,"menu_order":0,"comment_status":"closed","ping_status":"closed","template":"","meta":{"footnotes":""},"class_list":["post-352","page","type-page","status-publish","has-post-thumbnail","hentry","entry","has-media"],"jetpack_sharing_enabled":true,"_links":{"self":[{"href":"https:\/\/primaveralp.fr\/index.php?rest_route=\/wp\/v2\/pages\/352","targetHints":{"allow":["GET"]}}],"collection":[{"href":"https:\/\/primaveralp.fr\/index.php?rest_route=\/wp\/v2\/pages"}],"about":[{"href":"https:\/\/primaveralp.fr\/index.php?rest_route=\/wp\/v2\/types\/page"}],"author":[{"embeddable":true,"href":"https:\/\/primaveralp.fr\/index.php?rest_route=\/wp\/v2\/users\/1"}],"replies":[{"embeddable":true,"href":"https:\/\/primaveralp.fr\/index.php?rest_route=%2Fwp%2Fv2%2Fcomments&post=352"}],"version-history":[{"count":46,"href":"https:\/\/primaveralp.fr\/index.php?rest_route=\/wp\/v2\/pages\/352\/revisions"}],"predecessor-version":[{"id":496,"href":"https:\/\/primaveralp.fr\/index.php?rest_route=\/wp\/v2\/pages\/352\/revisions\/496"}],"wp:featuredmedia":[{"embeddable":true,"href":"https:\/\/primaveralp.fr\/index.php?rest_route=\/wp\/v2\/media\/425"}],"wp:attachment":[{"href":"https:\/\/primaveralp.fr\/index.php?rest_route=%2Fwp%2Fv2%2Fmedia&parent=352"}],"curies":[{"name":"wp","href":"https:\/\/api.w.org\/{rel}","templated":true}]}}