{"id":369,"date":"2024-10-03T11:32:02","date_gmt":"2024-10-03T09:32:02","guid":{"rendered":"https:\/\/primaveralp.fr\/?page_id=369"},"modified":"2024-10-30T17:06:37","modified_gmt":"2024-10-30T16:06:37","slug":"mes-prestations","status":"publish","type":"page","link":"https:\/\/primaveralp.fr\/?page_id=369","title":{"rendered":"Prestations"},"content":{"rendered":"\t\t<div data-elementor-type=\"wp-page\" data-elementor-id=\"369\" class=\"elementor elementor-369\">\n\t\t\t\t\t\t<section class=\"elementor-section elementor-top-section elementor-element elementor-element-b12bb2d elementor-section-boxed elementor-section-height-default elementor-section-height-default\" data-id=\"b12bb2d\" data-element_type=\"section\" data-e-type=\"section\">\n\t\t\t\t\t\t<div class=\"elementor-container elementor-column-gap-default\">\n\t\t\t\t\t<div class=\"elementor-column elementor-col-100 elementor-top-column elementor-element elementor-element-88f33ff\" data-id=\"88f33ff\" data-element_type=\"column\" data-e-type=\"column\">\n\t\t\t<div class=\"elementor-widget-wrap elementor-element-populated\">\n\t\t\t\t\t\t<div class=\"elementor-element elementor-element-caa0a42 elementor-widget elementor-widget-text-editor\" data-id=\"caa0a42\" data-element_type=\"widget\" data-e-type=\"widget\" data-widget_type=\"text-editor.default\">\n\t\t\t\t<div class=\"elementor-widget-container\">\n\t\t\t\t\t\t\t\t\t<p>Gestion commerciale, pr\u00e9sence sur salons et foires<br>Administration des ventes<br>Elaboration de vos devis avec suivi de vos dossiers prospects<br>Facturation, relance clients, encaissements clients (remises ch\u00e8ques en banque)<br>Gestion de vos achats, vos notes de frais<br>R\u00e9daction de vos courriers<br>Gestion de vos formations et de celles de vos salari\u00e9s (gestion des prises en charge par votre opco)<br>Gestion de vos d\u00e9placements<\/p>\n<p>Sensible aux diff\u00e9rentes \u00e9ch\u00e9ances fiscales pour pr\u00e9parer \u00e0 temps vos diff\u00e9rents documents pour votre expert comptable (d\u00e9claration de TVA, bilan..)<\/p>\t\t\t\t\t\t\t\t<\/div>\n\t\t\t\t<\/div>\n\t\t\t\t\t<\/div>\n\t\t<\/div>\n\t\t\t\t\t<\/div>\n\t\t<\/section>\n\t\t\t\t<\/div>\n\t\t","protected":false},"excerpt":{"rendered":"<p>Gestion commerciale, pr\u00e9sence sur salons et foiresAdministration des ventesElaboration de vos devis avec suivi de vos dossiers prospectsFacturation, relance clients, encaissements clients (remises ch\u00e8ques en banque)Gestion de vos achats, vos notes de fraisR\u00e9daction de vos courriersGestion de vos formations et de celles de vos salari\u00e9s (gestion des prises en charge par votre opco)Gestion de vos [&hellip;]<\/p>\n","protected":false},"author":1,"featured_media":0,"parent":0,"menu_order":0,"comment_status":"closed","ping_status":"closed","template":"","meta":{"footnotes":""},"class_list":["post-369","page","type-page","status-publish","hentry","entry"],"jetpack_sharing_enabled":true,"_links":{"self":[{"href":"https:\/\/primaveralp.fr\/index.php?rest_route=\/wp\/v2\/pages\/369","targetHints":{"allow":["GET"]}}],"collection":[{"href":"https:\/\/primaveralp.fr\/index.php?rest_route=\/wp\/v2\/pages"}],"about":[{"href":"https:\/\/primaveralp.fr\/index.php?rest_route=\/wp\/v2\/types\/page"}],"author":[{"embeddable":true,"href":"https:\/\/primaveralp.fr\/index.php?rest_route=\/wp\/v2\/users\/1"}],"replies":[{"embeddable":true,"href":"https:\/\/primaveralp.fr\/index.php?rest_route=%2Fwp%2Fv2%2Fcomments&post=369"}],"version-history":[{"count":20,"href":"https:\/\/primaveralp.fr\/index.php?rest_route=\/wp\/v2\/pages\/369\/revisions"}],"predecessor-version":[{"id":602,"href":"https:\/\/primaveralp.fr\/index.php?rest_route=\/wp\/v2\/pages\/369\/revisions\/602"}],"wp:attachment":[{"href":"https:\/\/primaveralp.fr\/index.php?rest_route=%2Fwp%2Fv2%2Fmedia&parent=369"}],"curies":[{"name":"wp","href":"https:\/\/api.w.org\/{rel}","templated":true}]}}