{"id":39,"date":"2023-03-09T18:46:49","date_gmt":"2023-03-09T17:46:49","guid":{"rendered":"http:\/\/primaveralp.fr\/?page_id=39"},"modified":"2025-05-14T16:27:27","modified_gmt":"2025-05-14T14:27:27","slug":"accueil","status":"publish","type":"page","link":"https:\/\/primaveralp.fr\/","title":{"rendered":"Accueil"},"content":{"rendered":"\t\t<div data-elementor-type=\"wp-page\" data-elementor-id=\"39\" class=\"elementor elementor-39\">\n\t\t\t\t\t\t<section class=\"elementor-section elementor-top-section elementor-element elementor-element-46ddd2a9 elementor-section-boxed elementor-section-height-default elementor-section-height-default\" data-id=\"46ddd2a9\" data-element_type=\"section\" data-e-type=\"section\">\n\t\t\t\t\t\t<div class=\"elementor-container elementor-column-gap-default\">\n\t\t\t\t\t<div class=\"elementor-column elementor-col-100 elementor-top-column elementor-element elementor-element-241fded7\" data-id=\"241fded7\" data-element_type=\"column\" data-e-type=\"column\">\n\t\t\t<div class=\"elementor-widget-wrap elementor-element-populated\">\n\t\t\t\t\t\t<div class=\"elementor-element elementor-element-14b6669c elementor-widget elementor-widget-text-editor\" data-id=\"14b6669c\" data-element_type=\"widget\" data-e-type=\"widget\" data-settings=\"{&quot;_animation&quot;:&quot;none&quot;}\" data-widget_type=\"text-editor.default\">\n\t\t\t\t<div class=\"elementor-widget-container\">\n\t\t\t\t\t\t\t\t\t<p>\u00a0<\/p>\n<p>\u00a0<\/p>\n<p><\/p>\n<p><\/p>\t\t\t\t\t\t\t\t<\/div>\n\t\t\t\t<\/div>\n\t\t\t\t\t<\/div>\n\t\t<\/div>\n\t\t\t\t\t<\/div>\n\t\t<\/section>\n\t\t\t\t<section class=\"elementor-section elementor-top-section elementor-element elementor-element-f417300 elementor-section-boxed elementor-section-height-default elementor-section-height-default\" data-id=\"f417300\" data-element_type=\"section\" data-e-type=\"section\">\n\t\t\t\t\t\t<div class=\"elementor-container elementor-column-gap-default\">\n\t\t\t\t\t<div class=\"elementor-column elementor-col-100 elementor-top-column elementor-element elementor-element-de6988e\" data-id=\"de6988e\" data-element_type=\"column\" data-e-type=\"column\">\n\t\t\t<div class=\"elementor-widget-wrap elementor-element-populated\">\n\t\t\t\t\t\t<div class=\"elementor-element elementor-element-7583e7a elementor-invisible elementor-widget elementor-widget-text-editor\" data-id=\"7583e7a\" data-element_type=\"widget\" data-e-type=\"widget\" data-settings=\"{&quot;_animation&quot;:&quot;zoomIn&quot;}\" data-widget_type=\"text-editor.default\">\n\t\t\t\t<div class=\"elementor-widget-container\">\n\t\t\t\t\t\t\t\t\t<p>Besoin de vous lib\u00e9rer de vos t\u00e2ches administratives chronophages et d&rsquo;optimiser vos proc\u00e9dures internes pour gagner en efficacit\u00e9 ?<\/p>\t\t\t\t\t\t\t\t<\/div>\n\t\t\t\t<\/div>\n\t\t\t\t<div class=\"elementor-element elementor-element-b497ac3 elementor-widget elementor-widget-image\" data-id=\"b497ac3\" data-element_type=\"widget\" data-e-type=\"widget\" data-widget_type=\"image.default\">\n\t\t\t\t<div class=\"elementor-widget-container\">\n\t\t\t\t\t\t\t\t\t\t\t\t\t\t\t<img fetchpriority=\"high\" decoding=\"async\" width=\"1024\" height=\"683\" src=\"https:\/\/primaveralp.fr\/wp-content\/uploads\/2025\/05\/pexels-george-milton-7014337-1024x683.jpg\" class=\"attachment-large size-large wp-image-618\" alt=\"\" srcset=\"https:\/\/primaveralp.fr\/wp-content\/uploads\/2025\/05\/pexels-george-milton-7014337-1024x683.jpg 1024w, https:\/\/primaveralp.fr\/wp-content\/uploads\/2025\/05\/pexels-george-milton-7014337-300x200.jpg 300w, https:\/\/primaveralp.fr\/wp-content\/uploads\/2025\/05\/pexels-george-milton-7014337-768x512.jpg 768w, https:\/\/primaveralp.fr\/wp-content\/uploads\/2025\/05\/pexels-george-milton-7014337-1536x1024.jpg 1536w, https:\/\/primaveralp.fr\/wp-content\/uploads\/2025\/05\/pexels-george-milton-7014337-2048x1365.jpg 2048w, https:\/\/primaveralp.fr\/wp-content\/uploads\/2025\/05\/pexels-george-milton-7014337-1320x880.jpg 1320w\" sizes=\"(max-width: 1024px) 100vw, 1024px\" \/>\t\t\t\t\t\t\t\t\t\t\t\t\t\t\t<\/div>\n\t\t\t\t<\/div>\n\t\t\t\t\t<\/div>\n\t\t<\/div>\n\t\t\t\t\t<\/div>\n\t\t<\/section>\n\t\t\t\t<section class=\"elementor-section elementor-top-section elementor-element elementor-element-0fcf23a elementor-section-boxed elementor-section-height-default elementor-section-height-default\" data-id=\"0fcf23a\" data-element_type=\"section\" data-e-type=\"section\">\n\t\t\t\t\t\t<div class=\"elementor-container elementor-column-gap-default\">\n\t\t\t\t\t<div class=\"elementor-column elementor-col-100 elementor-top-column elementor-element elementor-element-d235e76\" data-id=\"d235e76\" data-element_type=\"column\" data-e-type=\"column\">\n\t\t\t<div class=\"elementor-widget-wrap elementor-element-populated\">\n\t\t\t\t\t\t<div class=\"elementor-element elementor-element-1ad7a71 elementor-widget__width-initial elementor-invisible elementor-widget elementor-widget-text-editor\" data-id=\"1ad7a71\" data-element_type=\"widget\" data-e-type=\"widget\" data-settings=\"{&quot;_animation&quot;:&quot;fadeInLeft&quot;}\" data-widget_type=\"text-editor.default\">\n\t\t\t\t<div class=\"elementor-widget-container\">\n\t\t\t\t\t\t\t\t\t<p>PRIMAVER&rsquo;ALP EST VOTRE SOLUTION !<\/p>\t\t\t\t\t\t\t\t<\/div>\n\t\t\t\t<\/div>\n\t\t\t\t\t<\/div>\n\t\t<\/div>\n\t\t\t\t\t<\/div>\n\t\t<\/section>\n\t\t\t\t<section class=\"elementor-section elementor-top-section elementor-element elementor-element-648221e elementor-section-boxed elementor-section-height-default elementor-section-height-default\" data-id=\"648221e\" data-element_type=\"section\" data-e-type=\"section\">\n\t\t\t\t\t\t<div class=\"elementor-container elementor-column-gap-default\">\n\t\t\t\t\t<div class=\"elementor-column elementor-col-100 elementor-top-column elementor-element elementor-element-d42748b\" data-id=\"d42748b\" data-element_type=\"column\" data-e-type=\"column\">\n\t\t\t<div class=\"elementor-widget-wrap elementor-element-populated\">\n\t\t\t\t\t\t<div class=\"elementor-element elementor-element-98e9602 elementor-widget__width-initial elementor-widget elementor-widget-text-editor\" data-id=\"98e9602\" data-element_type=\"widget\" data-e-type=\"widget\" data-widget_type=\"text-editor.default\">\n\t\t\t\t<div class=\"elementor-widget-container\">\n\t\t\t\t\t\t\t\t\t<p>\u00a0<\/p>\n<p><u><b>Primaver&rsquo;Alp,<\/b><\/u> c&rsquo;est all\u00e9ger votre quotidien et vous permettre de vous concentrer sur votre coeur de m\u00e9tier et le d\u00e9veloppement de votre entreprise<\/p>\n<p>Mon intervention peut \u00eatre\u00a0<u><b>ponctuelle<\/b><\/u> suite \u00e0 un surcro\u00eet d&rsquo;activit\u00e9, pour un remplacement de cong\u00e9s, d&rsquo;arr\u00eat maladie <br \/>ou <u><b>r\u00e9currente<\/b><\/u><\/p>\n<p>Mon intervention peut \u00eatre\u00a0<u><b>sur site<\/b><\/u>, au sein m\u00eame de votre entreprise ou <u><b>\u00e0 distance<\/b><\/u><\/p>\n<p>Mon intervention peut \u00eatre\u00a0<u><b>sur les 2 Savoie et le Nord Is\u00e8re<\/b><\/u><\/p>\t\t\t\t\t\t\t\t<\/div>\n\t\t\t\t<\/div>\n\t\t\t\t\t<\/div>\n\t\t<\/div>\n\t\t\t\t\t<\/div>\n\t\t<\/section>\n\t\t\t\t<section class=\"elementor-section elementor-top-section elementor-element elementor-element-3e34b0c elementor-section-boxed elementor-section-height-default elementor-section-height-default\" data-id=\"3e34b0c\" data-element_type=\"section\" data-e-type=\"section\">\n\t\t\t\t\t\t<div class=\"elementor-container elementor-column-gap-default\">\n\t\t\t\t\t<div class=\"elementor-column elementor-col-100 elementor-top-column elementor-element elementor-element-588036c\" data-id=\"588036c\" data-element_type=\"column\" data-e-type=\"column\">\n\t\t\t<div class=\"elementor-widget-wrap elementor-element-populated\">\n\t\t\t\t\t\t<div class=\"elementor-element elementor-element-3ea129c elementor-widget elementor-widget-google_maps\" data-id=\"3ea129c\" data-element_type=\"widget\" data-e-type=\"widget\" data-widget_type=\"google_maps.default\">\n\t\t\t\t<div class=\"elementor-widget-container\">\n\t\t\t\t\t\t\t<div class=\"elementor-custom-embed\">\n\t\t\t<iframe loading=\"lazy\"\n\t\t\t\t\tsrc=\"https:\/\/maps.google.com\/maps?q=140%20rue%20Dionysos%2073410%20entrelacs&#038;t=m&#038;z=10&#038;output=embed&#038;iwloc=near\"\n\t\t\t\t\ttitle=\"140 rue Dionysos 73410 entrelacs\"\n\t\t\t\t\taria-label=\"140 rue Dionysos 73410 entrelacs\"\n\t\t\t><\/iframe>\n\t\t<\/div>\n\t\t\t\t\t\t<\/div>\n\t\t\t\t<\/div>\n\t\t\t\t\t<\/div>\n\t\t<\/div>\n\t\t\t\t\t<\/div>\n\t\t<\/section>\n\t\t\t\t<section class=\"elementor-section elementor-top-section elementor-element elementor-element-e9c1151 elementor-section-boxed elementor-section-height-default elementor-section-height-default\" data-id=\"e9c1151\" data-element_type=\"section\" data-e-type=\"section\">\n\t\t\t\t\t\t<div class=\"elementor-container elementor-column-gap-default\">\n\t\t\t\t\t<div class=\"elementor-column elementor-col-100 elementor-top-column elementor-element elementor-element-d00eb60\" data-id=\"d00eb60\" data-element_type=\"column\" data-e-type=\"column\">\n\t\t\t<div class=\"elementor-widget-wrap elementor-element-populated\">\n\t\t\t\t\t\t<div class=\"elementor-element elementor-element-8c52714 elementor-invisible elementor-widget elementor-widget-text-editor\" data-id=\"8c52714\" data-element_type=\"widget\" data-e-type=\"widget\" data-settings=\"{&quot;_animation&quot;:&quot;rotateIn&quot;}\" data-widget_type=\"text-editor.default\">\n\t\t\t\t<div class=\"elementor-widget-container\">\n\t\t\t\t\t\t\t\t\t<ol>\n<li>\n<ul><li><h1>Notre +<\/h1><\/li><\/ul>\n<\/li>\n<\/ol>\t\t\t\t\t\t\t\t<\/div>\n\t\t\t\t<\/div>\n\t\t\t\t\t<\/div>\n\t\t<\/div>\n\t\t\t\t\t<\/div>\n\t\t<\/section>\n\t\t\t\t<section class=\"elementor-section elementor-top-section elementor-element elementor-element-64c9716 elementor-section-boxed elementor-section-height-default elementor-section-height-default\" data-id=\"64c9716\" data-element_type=\"section\" data-e-type=\"section\">\n\t\t\t\t\t\t<div class=\"elementor-container elementor-column-gap-default\">\n\t\t\t\t\t<div class=\"elementor-column elementor-col-100 elementor-top-column elementor-element elementor-element-4ce19fe\" data-id=\"4ce19fe\" data-element_type=\"column\" data-e-type=\"column\">\n\t\t\t<div class=\"elementor-widget-wrap elementor-element-populated\">\n\t\t\t\t\t\t<div class=\"elementor-element elementor-element-44f3d4e elementor-invisible elementor-widget elementor-widget-text-editor\" data-id=\"44f3d4e\" data-element_type=\"widget\" data-e-type=\"widget\" data-settings=\"{&quot;_animation&quot;:&quot;fadeInLeft&quot;}\" data-widget_type=\"text-editor.default\">\n\t\t\t\t<div class=\"elementor-widget-container\">\n\t\t\t\t\t\t\t\t\t<p><\/p>\n\n<p>Notre partenaire <strong><a href=\"https:\/\/www.alteraudit.fr\/\" target=\"_blank\" rel=\"noopener\">ALTER AUDIT<\/a><\/strong><\/p>\n<p>Un partenariat avec le cabinet d&rsquo;expertise comptable ALTER AUDIT pour r\u00e9pondre \u00e0 vos besoins comptables &amp; fiscaux<br>De la saisie jusqu&rsquo;\u00e0 l&rsquo;\u00e9tablissement de votre liasse fiscale<br>Assistance RH sur mesure pour vos salaires<\/p>\n<p><\/p>\n<p><\/p>\t\t\t\t\t\t\t\t<\/div>\n\t\t\t\t<\/div>\n\t\t\t\t\t<\/div>\n\t\t<\/div>\n\t\t\t\t\t<\/div>\n\t\t<\/section>\n\t\t\t\t<\/div>\n\t\t","protected":false},"excerpt":{"rendered":"<p>\u00a0 \u00a0 Besoin de vous lib\u00e9rer de vos t\u00e2ches administratives chronophages et d&rsquo;optimiser vos proc\u00e9dures internes pour gagner en efficacit\u00e9 ? PRIMAVER&rsquo;ALP EST VOTRE SOLUTION ! \u00a0 Primaver&rsquo;Alp, c&rsquo;est all\u00e9ger votre quotidien et vous permettre de vous concentrer sur votre coeur de m\u00e9tier et le d\u00e9veloppement de votre entreprise Mon intervention peut \u00eatre\u00a0ponctuelle suite \u00e0 [&hellip;]<\/p>\n","protected":false},"author":1,"featured_media":0,"parent":0,"menu_order":0,"comment_status":"closed","ping_status":"closed","template":"","meta":{"footnotes":""},"class_list":["post-39","page","type-page","status-publish","hentry","entry"],"jetpack_sharing_enabled":true,"_links":{"self":[{"href":"https:\/\/primaveralp.fr\/index.php?rest_route=\/wp\/v2\/pages\/39","targetHints":{"allow":["GET"]}}],"collection":[{"href":"https:\/\/primaveralp.fr\/index.php?rest_route=\/wp\/v2\/pages"}],"about":[{"href":"https:\/\/primaveralp.fr\/index.php?rest_route=\/wp\/v2\/types\/page"}],"author":[{"embeddable":true,"href":"https:\/\/primaveralp.fr\/index.php?rest_route=\/wp\/v2\/users\/1"}],"replies":[{"embeddable":true,"href":"https:\/\/primaveralp.fr\/index.php?rest_route=%2Fwp%2Fv2%2Fcomments&post=39"}],"version-history":[{"count":181,"href":"https:\/\/primaveralp.fr\/index.php?rest_route=\/wp\/v2\/pages\/39\/revisions"}],"predecessor-version":[{"id":623,"href":"https:\/\/primaveralp.fr\/index.php?rest_route=\/wp\/v2\/pages\/39\/revisions\/623"}],"wp:attachment":[{"href":"https:\/\/primaveralp.fr\/index.php?rest_route=%2Fwp%2Fv2%2Fmedia&parent=39"}],"curies":[{"name":"wp","href":"https:\/\/api.w.org\/{rel}","templated":true}]}}